{"id":73,"date":"2022-05-02T17:38:58","date_gmt":"2022-05-02T20:38:58","guid":{"rendered":"https:\/\/imaxima.com.br\/blog\/?page_id=73"},"modified":"2024-09-05T17:22:59","modified_gmt":"2024-09-05T20:22:59","slug":"sobre-nos","status":"publish","type":"page","link":"https:\/\/imaxima.com.br\/blog\/sobre-nos\/","title":{"rendered":"Sobre N\u00f3s"},"content":{"rendered":"\n<h3 class=\"wp-block-heading\">Nosso SLA \u00e9 o maior das empresas de Telecom.<\/h3>\n\n\n\n<p>Somos a&nbsp;<strong>INTERNET M\u00c1XIMA<\/strong><\/p>\n\n\n\n<p>Criada a 24 anos, a IM\u00c1XIMA se destaca no setor de telecomunica\u00e7\u00f5es e tecnologia, comprometida em elevar o padr\u00e3o de infraestrutura tecnol\u00f3gica dispon\u00edvel no mercado brasileiro. Com um profundo entendimento das din\u00e2micas empresariais locais, oferecemos solu\u00e7\u00f5es sob medida que s\u00e3o n\u00e3o apenas inovadoras, mas tamb\u00e9m integradas e eficientes, adequadas a neg\u00f3cios de todos os portes.<br><br>Nossa abordagem \u00e9 baseada na personaliza\u00e7\u00e3o e no suporte cont\u00ednuo, assegurando que cada solu\u00e7\u00e3o tecnol\u00f3gica proposta seja perfeitamente alinhada \u00e0s necessidades espec\u00edficas de nossos clientes. Isso \u00e9 poss\u00edvel gra\u00e7as ao nosso robusto investimento em pesquisa e desenvolvimento, o que nos permite estar sempre \u00e0 frente das tend\u00eancias tecnol\u00f3gicas e das exig\u00eancias do mercado.<br><br>Entendemos que a tecnologia \u00e9 um pilar fundamental para o crescimento e a competitividade empresarial. Por isso, estamos dedicados a construir parcerias duradouras com nossos clientes, fornecendo n\u00e3o apenas servi\u00e7os, mas uma verdadeira alian\u00e7a estrat\u00e9gica para o sucesso.<br><br>Convidamos voc\u00ea a descobrir como nossas solu\u00e7\u00f5es customizadas podem transformar a infraestrutura tecnol\u00f3gica de seu empreendimento, impulsionando resultados e garantindo um futuro mais din\u00e2mico e conectado.<br><br>Conte com nossa expertise para impulsionar suas opera\u00e7\u00f5es e expandir suas fronteiras no cen\u00e1rio digital contempor\u00e2neo. Estamos aqui para ajud\u00e1-lo a navegar com sucesso pelas complexidades da era digital e garantir um crescimento sustent\u00e1vel para o seu neg\u00f3cio.<\/p>\n","protected":false},"excerpt":{"rendered":"Nosso SLA \u00e9 o maior das empresas de Telecom. Somos a&nbsp;INTERNET M\u00c1XIMA Criada a 24 anos, a IM\u00c1XIMA se destaca no setor de \n<a class=\"moretag\" href=\"https:\/\/imaxima.com.br\/blog\/sobre-nos\/\"> [...]<\/a>","protected":false},"author":1,"featured_media":0,"parent":0,"menu_order":0,"comment_status":"closed","ping_status":"closed","template":"","meta":{"footnotes":""},"class_list":["post-73","page","type-page","status-publish","hentry"],"yoast_head":"<!-- This site is optimized with the Yoast SEO Premium plugin v23.9 (Yoast SEO v23.9) - https:\/\/yoast.com\/wordpress\/plugins\/seo\/ -->\n<title>Sobre N\u00f3s - Blog IM\u00e1xima<\/title>\n<meta name=\"robots\" content=\"index, follow, max-snippet:-1, max-image-preview:large, max-video-preview:-1\" \/>\n<link rel=\"canonical\" href=\"https:\/\/imaxima.com.br\/blog\/sobre-nos\/\" \/>\n<meta property=\"og:locale\" content=\"pt_BR\" \/>\n<meta property=\"og:type\" content=\"article\" \/>\n<meta property=\"og:title\" content=\"Sobre N\u00f3s\" \/>\n<meta property=\"og:description\" content=\"Nosso SLA \u00e9 o maior das empresas de Telecom. Somos a&nbsp;INTERNET M\u00c1XIMA Criada a 24 anos, a IM\u00c1XIMA se destaca no setor de\" \/>\n<meta property=\"og:url\" content=\"https:\/\/imaxima.com.br\/blog\/sobre-nos\/\" \/>\n<meta property=\"og:site_name\" content=\"Blog IM\u00e1xima\" \/>\n<meta property=\"article:publisher\" content=\"https:\/\/www.facebook.com\/imaximaOFICIAL\" \/>\n<meta property=\"article:modified_time\" content=\"2024-09-05T20:22:59+00:00\" \/>\n<meta property=\"og:image\" content=\"https:\/\/imaxima.com.br\/blog\/wp-content\/uploads\/2024\/11\/Blog.png\" \/>\n\t<meta property=\"og:image:width\" content=\"1468\" \/>\n\t<meta property=\"og:image:height\" content=\"958\" \/>\n\t<meta property=\"og:image:type\" content=\"image\/png\" \/>\n<meta name=\"twitter:card\" content=\"summary_large_image\" \/>\n<meta name=\"twitter:label1\" content=\"Est. tempo de leitura\" \/>\n\t<meta name=\"twitter:data1\" content=\"1 minuto\" \/>\n<script type=\"application\/ld+json\" class=\"yoast-schema-graph\">{\"@context\":\"https:\/\/schema.org\",\"@graph\":[{\"@type\":\"WebPage\",\"@id\":\"https:\/\/imaxima.com.br\/blog\/sobre-nos\/\",\"url\":\"https:\/\/imaxima.com.br\/blog\/sobre-nos\/\",\"name\":\"Sobre N\u00f3s - Blog IM\u00e1xima\",\"isPartOf\":{\"@id\":\"https:\/\/imaxima.com.br\/blog\/#website\"},\"datePublished\":\"2022-05-02T20:38:58+00:00\",\"dateModified\":\"2024-09-05T20:22:59+00:00\",\"breadcrumb\":{\"@id\":\"https:\/\/imaxima.com.br\/blog\/sobre-nos\/#breadcrumb\"},\"inLanguage\":\"pt-BR\",\"potentialAction\":[{\"@type\":\"ReadAction\",\"target\":[\"https:\/\/imaxima.com.br\/blog\/sobre-nos\/\"]}]},{\"@type\":\"BreadcrumbList\",\"@id\":\"https:\/\/imaxima.com.br\/blog\/sobre-nos\/#breadcrumb\",\"itemListElement\":[{\"@type\":\"ListItem\",\"position\":1,\"name\":\"In\u00edcio\",\"item\":\"https:\/\/imaxima.com.br\/blog\/\"},{\"@type\":\"ListItem\",\"position\":2,\"name\":\"Sobre N\u00f3s\"}]},{\"@type\":\"WebSite\",\"@id\":\"https:\/\/imaxima.com.br\/blog\/#website\",\"url\":\"https:\/\/imaxima.com.br\/blog\/\",\"name\":\"Blog IM\u00e1xima\",\"description\":\"Blog IM\u00e1xima\",\"publisher\":{\"@id\":\"https:\/\/imaxima.com.br\/blog\/#organization\"},\"potentialAction\":[{\"@type\":\"SearchAction\",\"target\":{\"@type\":\"EntryPoint\",\"urlTemplate\":\"https:\/\/imaxima.com.br\/blog\/?s={search_term_string}\"},\"query-input\":{\"@type\":\"PropertyValueSpecification\",\"valueRequired\":true,\"valueName\":\"search_term_string\"}}],\"inLanguage\":\"pt-BR\"},{\"@type\":\"Organization\",\"@id\":\"https:\/\/imaxima.com.br\/blog\/#organization\",\"name\":\"Blog IM\u00e1xima\",\"url\":\"https:\/\/imaxima.com.br\/blog\/\",\"logo\":{\"@type\":\"ImageObject\",\"inLanguage\":\"pt-BR\",\"@id\":\"https:\/\/imaxima.com.br\/blog\/#\/schema\/logo\/image\/\",\"url\":\"https:\/\/imaxima.com.br\/blog\/wp-content\/uploads\/2024\/09\/Logo-blog-imaxima_03-2.png\",\"contentUrl\":\"https:\/\/imaxima.com.br\/blog\/wp-content\/uploads\/2024\/09\/Logo-blog-imaxima_03-2.png\",\"width\":350,\"height\":170,\"caption\":\"Blog IM\u00e1xima\"},\"image\":{\"@id\":\"https:\/\/imaxima.com.br\/blog\/#\/schema\/logo\/image\/\"},\"sameAs\":[\"https:\/\/www.facebook.com\/imaximaOFICIAL\",\"https:\/\/www.instagram.com\/imaximaOFICIAL\"],\"publishingPrinciples\":\"https:\/\/imaxima.com.br\/blog\/politica-de-privacidade\/\"}]}<\/script>\n<!-- \/ Yoast SEO Premium plugin. -->","yoast_head_json":{"title":"Sobre N\u00f3s - Blog IM\u00e1xima","robots":{"index":"index","follow":"follow","max-snippet":"max-snippet:-1","max-image-preview":"max-image-preview:large","max-video-preview":"max-video-preview:-1"},"canonical":"https:\/\/imaxima.com.br\/blog\/sobre-nos\/","og_locale":"pt_BR","og_type":"article","og_title":"Sobre N\u00f3s","og_description":"Nosso SLA \u00e9 o maior das empresas de Telecom. Somos a&nbsp;INTERNET M\u00c1XIMA Criada a 24 anos, a IM\u00c1XIMA se destaca no setor de","og_url":"https:\/\/imaxima.com.br\/blog\/sobre-nos\/","og_site_name":"Blog IM\u00e1xima","article_publisher":"https:\/\/www.facebook.com\/imaximaOFICIAL","article_modified_time":"2024-09-05T20:22:59+00:00","og_image":[{"width":1468,"height":958,"url":"https:\/\/imaxima.com.br\/blog\/wp-content\/uploads\/2024\/11\/Blog.png","type":"image\/png"}],"twitter_card":"summary_large_image","twitter_misc":{"Est. tempo de leitura":"1 minuto"},"schema":{"@context":"https:\/\/schema.org","@graph":[{"@type":"WebPage","@id":"https:\/\/imaxima.com.br\/blog\/sobre-nos\/","url":"https:\/\/imaxima.com.br\/blog\/sobre-nos\/","name":"Sobre N\u00f3s - Blog IM\u00e1xima","isPartOf":{"@id":"https:\/\/imaxima.com.br\/blog\/#website"},"datePublished":"2022-05-02T20:38:58+00:00","dateModified":"2024-09-05T20:22:59+00:00","breadcrumb":{"@id":"https:\/\/imaxima.com.br\/blog\/sobre-nos\/#breadcrumb"},"inLanguage":"pt-BR","potentialAction":[{"@type":"ReadAction","target":["https:\/\/imaxima.com.br\/blog\/sobre-nos\/"]}]},{"@type":"BreadcrumbList","@id":"https:\/\/imaxima.com.br\/blog\/sobre-nos\/#breadcrumb","itemListElement":[{"@type":"ListItem","position":1,"name":"In\u00edcio","item":"https:\/\/imaxima.com.br\/blog\/"},{"@type":"ListItem","position":2,"name":"Sobre N\u00f3s"}]},{"@type":"WebSite","@id":"https:\/\/imaxima.com.br\/blog\/#website","url":"https:\/\/imaxima.com.br\/blog\/","name":"Blog IM\u00e1xima","description":"Blog IM\u00e1xima","publisher":{"@id":"https:\/\/imaxima.com.br\/blog\/#organization"},"potentialAction":[{"@type":"SearchAction","target":{"@type":"EntryPoint","urlTemplate":"https:\/\/imaxima.com.br\/blog\/?s={search_term_string}"},"query-input":{"@type":"PropertyValueSpecification","valueRequired":true,"valueName":"search_term_string"}}],"inLanguage":"pt-BR"},{"@type":"Organization","@id":"https:\/\/imaxima.com.br\/blog\/#organization","name":"Blog IM\u00e1xima","url":"https:\/\/imaxima.com.br\/blog\/","logo":{"@type":"ImageObject","inLanguage":"pt-BR","@id":"https:\/\/imaxima.com.br\/blog\/#\/schema\/logo\/image\/","url":"https:\/\/imaxima.com.br\/blog\/wp-content\/uploads\/2024\/09\/Logo-blog-imaxima_03-2.png","contentUrl":"https:\/\/imaxima.com.br\/blog\/wp-content\/uploads\/2024\/09\/Logo-blog-imaxima_03-2.png","width":350,"height":170,"caption":"Blog IM\u00e1xima"},"image":{"@id":"https:\/\/imaxima.com.br\/blog\/#\/schema\/logo\/image\/"},"sameAs":["https:\/\/www.facebook.com\/imaximaOFICIAL","https:\/\/www.instagram.com\/imaximaOFICIAL"],"publishingPrinciples":"https:\/\/imaxima.com.br\/blog\/politica-de-privacidade\/"}]}},"_links":{"self":[{"href":"https:\/\/imaxima.com.br\/blog\/wp-json\/wp\/v2\/pages\/73","targetHints":{"allow":["GET"]}}],"collection":[{"href":"https:\/\/imaxima.com.br\/blog\/wp-json\/wp\/v2\/pages"}],"about":[{"href":"https:\/\/imaxima.com.br\/blog\/wp-json\/wp\/v2\/types\/page"}],"author":[{"embeddable":true,"href":"https:\/\/imaxima.com.br\/blog\/wp-json\/wp\/v2\/users\/1"}],"replies":[{"embeddable":true,"href":"https:\/\/imaxima.com.br\/blog\/wp-json\/wp\/v2\/comments?post=73"}],"version-history":[{"count":7,"href":"https:\/\/imaxima.com.br\/blog\/wp-json\/wp\/v2\/pages\/73\/revisions"}],"predecessor-version":[{"id":237,"href":"https:\/\/imaxima.com.br\/blog\/wp-json\/wp\/v2\/pages\/73\/revisions\/237"}],"wp:attachment":[{"href":"https:\/\/imaxima.com.br\/blog\/wp-json\/wp\/v2\/media?parent=73"}],"curies":[{"name":"wp","href":"https:\/\/api.w.org\/{rel}","templated":true}]}}